{"id":119,"date":"2023-10-09T16:10:22","date_gmt":"2023-10-09T14:10:22","guid":{"rendered":"https:\/\/frankablog.ferencesek.hu\/?page_id=119"},"modified":"2023-11-20T16:55:13","modified_gmt":"2023-11-20T14:55:13","slug":"rolunk","status":"publish","type":"page","link":"https:\/\/frankablog.ferencesek.hu\/?page_id=119","title":{"rendered":"R\u00f3lunk"},"content":{"rendered":"\t\t<div data-elementor-type=\"wp-page\" data-elementor-id=\"119\" class=\"elementor elementor-119\">\n\t\t\t\t\t\t<section class=\"elementor-section elementor-top-section elementor-element elementor-element-cd07551 elementor-section-boxed elementor-section-height-default elementor-section-height-default\" data-id=\"cd07551\" data-element_type=\"section\" data-e-type=\"section\">\n\t\t\t\t\t\t<div class=\"elementor-container elementor-column-gap-default\">\n\t\t\t\t\t<div class=\"elementor-column elementor-col-100 elementor-top-column elementor-element elementor-element-3f3cfffa\" data-id=\"3f3cfffa\" data-element_type=\"column\" data-e-type=\"column\">\n\t\t\t<div class=\"elementor-widget-wrap elementor-element-populated\">\n\t\t\t\t\t\t<div class=\"elementor-element elementor-element-53c71251 elementor-widget elementor-widget-text-editor\" data-id=\"53c71251\" data-element_type=\"widget\" data-e-type=\"widget\" data-widget_type=\"text-editor.default\">\n\t\t\t\t<div class=\"elementor-widget-container\">\n\t\t\t\t\t\t\t\t\t\n<div class=\"wp-block-query is-layout-flow wp-block-query-is-layout-flow\"><\/div>\n\t\t\t\t\t\t\t\t<\/div>\n\t\t\t\t<\/div>\n\t\t\t\t\t<\/div>\n\t\t<\/div>\n\t\t\t\t\t<\/div>\n\t\t<\/section>\n\t\t\t\t<section class=\"elementor-section elementor-top-section elementor-element elementor-element-ec3f55a elementor-section-boxed elementor-section-height-default elementor-section-height-default\" data-id=\"ec3f55a\" data-element_type=\"section\" data-e-type=\"section\">\n\t\t\t\t\t\t<div class=\"elementor-container elementor-column-gap-default\">\n\t\t\t\t\t<div class=\"elementor-column elementor-col-100 elementor-top-column elementor-element elementor-element-fbf4c1c\" data-id=\"fbf4c1c\" data-element_type=\"column\" data-e-type=\"column\">\n\t\t\t<div class=\"elementor-widget-wrap\">\n\t\t\t\t\t\t\t<\/div>\n\t\t<\/div>\n\t\t\t\t\t<\/div>\n\t\t<\/section>\n\t\t\t\t<section class=\"elementor-section elementor-top-section elementor-element elementor-element-3a7958d elementor-section-boxed elementor-section-height-default elementor-section-height-default\" data-id=\"3a7958d\" data-element_type=\"section\" data-e-type=\"section\">\n\t\t\t\t\t\t<div class=\"elementor-container elementor-column-gap-default\">\n\t\t\t\t\t<div class=\"elementor-column elementor-col-100 elementor-top-column elementor-element elementor-element-e7c5d48\" data-id=\"e7c5d48\" data-element_type=\"column\" data-e-type=\"column\">\n\t\t\t<div class=\"elementor-widget-wrap elementor-element-populated\">\n\t\t\t\t\t\t<div class=\"elementor-element elementor-element-2ee1159 elementor-widget elementor-widget-image\" data-id=\"2ee1159\" data-element_type=\"widget\" data-e-type=\"widget\" data-widget_type=\"image.default\">\n\t\t\t\t<div class=\"elementor-widget-container\">\n\t\t\t\t\t\t\t\t\t\t\t\t\t\t\t<img decoding=\"async\" width=\"150\" height=\"150\" src=\"https:\/\/frankablog.ferencesek.hu\/wp-content\/uploads\/2023\/10\/cropped-cimer-150x150.png\" class=\"attachment-thumbnail size-thumbnail wp-image-86\" alt=\"Iskol\u00e1nk c\u00edmere\" srcset=\"https:\/\/frankablog.ferencesek.hu\/wp-content\/uploads\/2023\/10\/cropped-cimer-150x150.png 150w, https:\/\/frankablog.ferencesek.hu\/wp-content\/uploads\/2023\/10\/cropped-cimer-300x300.png 300w, https:\/\/frankablog.ferencesek.hu\/wp-content\/uploads\/2023\/10\/cropped-cimer-270x270.png 270w, https:\/\/frankablog.ferencesek.hu\/wp-content\/uploads\/2023\/10\/cropped-cimer-192x192.png 192w, https:\/\/frankablog.ferencesek.hu\/wp-content\/uploads\/2023\/10\/cropped-cimer-180x180.png 180w, https:\/\/frankablog.ferencesek.hu\/wp-content\/uploads\/2023\/10\/cropped-cimer-32x32.png 32w, https:\/\/frankablog.ferencesek.hu\/wp-content\/uploads\/2023\/10\/cropped-cimer.png 512w\" sizes=\"(max-width: 150px) 100vw, 150px\" \/>\t\t\t\t\t\t\t\t\t\t\t\t\t\t\t<\/div>\n\t\t\t\t<\/div>\n\t\t\t\t<div class=\"elementor-element elementor-element-1ad6f14 elementor-widget elementor-widget-heading\" data-id=\"1ad6f14\" data-element_type=\"widget\" data-e-type=\"widget\" data-widget_type=\"heading.default\">\n\t\t\t\t<div class=\"elementor-widget-container\">\n\t\t\t\t\t<h2 class=\"elementor-heading-title elementor-size-default\">A Temesv\u00e1ri Pelb\u00e1rt Ferences Gimn\u00e1zium blogja<\/h2>\t\t\t\t<\/div>\n\t\t\t\t<\/div>\n\t\t\t\t\t<\/div>\n\t\t<\/div>\n\t\t\t\t\t<\/div>\n\t\t<\/section>\n\t\t\t\t<section class=\"elementor-section elementor-top-section elementor-element elementor-element-0eb6fc6 elementor-section-boxed elementor-section-height-default elementor-section-height-default\" data-id=\"0eb6fc6\" data-element_type=\"section\" data-e-type=\"section\">\n\t\t\t\t\t\t<div class=\"elementor-container elementor-column-gap-default\">\n\t\t\t\t\t<div class=\"elementor-column elementor-col-100 elementor-top-column elementor-element elementor-element-3b8a02f\" data-id=\"3b8a02f\" data-element_type=\"column\" data-e-type=\"column\">\n\t\t\t<div class=\"elementor-widget-wrap elementor-element-populated\">\n\t\t\t\t\t\t<div class=\"elementor-element elementor-element-54255b4 elementor-widget elementor-widget-text-editor\" data-id=\"54255b4\" data-element_type=\"widget\" data-e-type=\"widget\" data-widget_type=\"text-editor.default\">\n\t\t\t\t<div class=\"elementor-widget-container\">\n\t\t\t\t\t\t\t\t\t<p>Az <strong>esztergomi<\/strong> Temesv\u00e1ri Pelb\u00e1rt Ferences Gimn\u00e1zium <strong>t\u00f6bb mint 90 \u00e9ve<\/strong> folyik a tan\u00edt\u00f3i, nevel\u0151i munka. Int\u00e9zm\u00e9ny\u00fcnkben <strong>ferences szerzetesek<\/strong> \u00e9s <strong>civil tan\u00e1rok<\/strong> egyar\u00e1nt dolgoznak a tanul\u00f3k fejl\u0151d\u00e9s\u00e9\u00e9rt, el\u0151rehalad\u00e1s\u00e1\u00e9rt.\u00a0<\/p>\n<p>Iskol\u00e1nk <em><strong>orsz\u00e1g minden t\u00e1j\u00e1r\u00f3l<\/strong><\/em> v\u00e1rja azoknak a fi\u00faknak a jelentkez\u00e9s\u00e9t, akik sz\u00e1m\u00e1ra a tud\u00e1s megszerz\u00e9se, a tartalmas kikapcsol\u00f3d\u00e1si lehet\u0151s\u00e9gek, az \u00e9letre sz\u00f3l\u00f3 bar\u00e1ts\u00e1gok, a hit \u00e9s az \u00f6sszetartoz\u00e1s \u00e9rt\u00e9ket jelentenek.<\/p>\n<p class=\"MsoNormal\">Az oldal a ferences \u00f6szt\u00f6nd\u00edj program keretein bel\u00fcl val\u00f3sulhatott meg. A Blog szerkeszt\u0151i h\u00e1rom tizedik oszt\u00e1lyos tanul\u00f3: <em>Illy\u00e9s P\u00e9ter, Szol\u00e1r Bence, van Bochove \u00c1rmin<\/em>. A di\u00e1kok seg\u00edt\u0151 tan\u00e1ra <em>Vizes Marianna <\/em>tan\u00e1rn\u0151.<\/p>\t\t\t\t\t\t\t\t<\/div>\n\t\t\t\t<\/div>\n\t\t\t\t\t<\/div>\n\t\t<\/div>\n\t\t\t\t\t<\/div>\n\t\t<\/section>\n\t\t\t\t<\/div>\n\t\t","protected":false},"excerpt":{"rendered":"<p>A Temesv\u00e1ri Pelb\u00e1rt Ferences Gimn\u00e1zium blogja Az esztergomi Temesv\u00e1ri Pelb\u00e1rt Ferences Gimn\u00e1zium t\u00f6bb mint 90 \u00e9ve folyik a tan\u00edt\u00f3i, nevel\u0151i munka. Int\u00e9zm\u00e9ny\u00fcnkben ferences szerzetesek \u00e9s civil tan\u00e1rok egyar\u00e1nt dolgoznak a tanul\u00f3k fejl\u0151d\u00e9s\u00e9\u00e9rt, el\u0151rehalad\u00e1s\u00e1\u00e9rt.\u00a0 Iskol\u00e1nk orsz\u00e1g minden t\u00e1j\u00e1r\u00f3l v\u00e1rja azoknak a &hellip; <a href=\"https:\/\/frankablog.ferencesek.hu\/?page_id=119\">Egy kattint\u00e1s ide a folytat\u00e1shoz&#8230;. <span class=\"meta-nav\">&rarr;<\/span><\/a><\/p>\n","protected":false},"author":4,"featured_media":0,"parent":0,"menu_order":0,"comment_status":"closed","ping_status":"closed","template":"","meta":{"footnotes":""},"class_list":["post-119","page","type-page","status-publish","hentry"],"_links":{"self":[{"href":"https:\/\/frankablog.ferencesek.hu\/index.php?rest_route=\/wp\/v2\/pages\/119","targetHints":{"allow":["GET"]}}],"collection":[{"href":"https:\/\/frankablog.ferencesek.hu\/index.php?rest_route=\/wp\/v2\/pages"}],"about":[{"href":"https:\/\/frankablog.ferencesek.hu\/index.php?rest_route=\/wp\/v2\/types\/page"}],"author":[{"embeddable":true,"href":"https:\/\/frankablog.ferencesek.hu\/index.php?rest_route=\/wp\/v2\/users\/4"}],"replies":[{"embeddable":true,"href":"https:\/\/frankablog.ferencesek.hu\/index.php?rest_route=%2Fwp%2Fv2%2Fcomments&post=119"}],"version-history":[{"count":5,"href":"https:\/\/frankablog.ferencesek.hu\/index.php?rest_route=\/wp\/v2\/pages\/119\/revisions"}],"predecessor-version":[{"id":329,"href":"https:\/\/frankablog.ferencesek.hu\/index.php?rest_route=\/wp\/v2\/pages\/119\/revisions\/329"}],"wp:attachment":[{"href":"https:\/\/frankablog.ferencesek.hu\/index.php?rest_route=%2Fwp%2Fv2%2Fmedia&parent=119"}],"curies":[{"name":"wp","href":"https:\/\/api.w.org\/{rel}","templated":true}]}}