{"id":2,"date":"2023-08-31T07:24:15","date_gmt":"2023-08-31T07:24:15","guid":{"rendered":"https:\/\/frankablog.ferencesek.hu\/wp\/?page_id=2"},"modified":"2023-12-11T17:13:13","modified_gmt":"2023-12-11T15:13:13","slug":"sample-page","status":"publish","type":"page","link":"https:\/\/frankablog.ferencesek.hu\/","title":{"rendered":"H\u00edrek"},"content":{"rendered":"\n<div class=\"wp-block-query is-layout-flow wp-block-query-is-layout-flow\"><ul class=\"wp-block-post-template is-layout-flow wp-block-post-template-is-layout-flow\"><li class=\"wp-block-post post-707 post type-post status-publish format-standard hentry category-hivatalos tag-franka-palya tag-gyumolcsfa\">\n\n<div class=\"wp-block-group\" style=\"padding-top:30px;padding-right:30px;padding-bottom:30px;padding-left:30px\"><div class=\"wp-block-group__inner-container is-layout-flow wp-block-group-is-layout-flow\"><h2 class=\"wp-block-post-title\"><a href=\"https:\/\/frankablog.ferencesek.hu\/?p=707\" target=\"_self\" >Gy\u00fcm\u00f6lcs\u00f6s a Franka p\u00e1ly\u00e1n<\/a><\/h2>\n\n<div class=\"wp-block-post-excerpt\"><p class=\"wp-block-post-excerpt__excerpt\">N\u00e9h\u00e1ny h\u00e9ttel ezel\u0151tt a Franka p\u00e1ly\u00e1n tal\u00e1lhat\u00f3 gy\u00fcm\u00f6lcsf\u00e1kr\u00f3l besz\u00e9lgett\u00fcnk Deissinger \u00c1kos tan\u00e1r \u00farral. Az ott tal\u00e1lhat\u00f3 gy\u00fcm\u00f6lcs\u00f6sbe n\u00e9gy \u00e9vvel ezel\u0151tt ker\u00fcltek a fiatal facsemet\u00e9k a t\u00e1pi\u00f3szelei g\u00e9nbankb\u00f3l. K\u00e9t \u00e9vvel ezel\u0151tt a ferences \u00f6szt\u00f6nd\u00edjprogram keretein bel\u00fcl megval\u00f3sult egy faiskola is. Mindennek<\/p><p class=\"wp-block-post-excerpt__more-text\"><a class=\"wp-block-post-excerpt__more-link\" href=\"https:\/\/frankablog.ferencesek.hu\/?p=707\">B\u0151vebben<\/a><\/p><\/div>\n\n\n<div class=\"wp-block-group\"><div class=\"wp-block-group__inner-container is-layout-constrained wp-block-group-is-layout-constrained\"><\/div><\/div>\n\n\n<div class=\"wp-block-post-date\"><time datetime=\"2024-05-06T16:08:04+02:00\">2024.05.06.<\/time><\/div><\/div><\/div>\n\n\n\n<div class=\"wp-block-columns is-layout-flex wp-container-core-columns-is-layout-9d6595d7 wp-block-columns-is-layout-flex\">\n<div class=\"wp-block-column is-layout-flow wp-block-column-is-layout-flow\" style=\"flex-basis:100%\"><\/div>\n<\/div>\n\n<\/li><li class=\"wp-block-post post-695 post type-post status-publish format-standard hentry category-hivatalos\">\n\n<div class=\"wp-block-group\" style=\"padding-top:30px;padding-right:30px;padding-bottom:30px;padding-left:30px\"><div class=\"wp-block-group__inner-container is-layout-flow wp-block-group-is-layout-flow\"><h2 class=\"wp-block-post-title\"><a href=\"https:\/\/frankablog.ferencesek.hu\/?p=695\" target=\"_self\" >Digit\u00e1lis t\u00e9mah\u00e9t quiz<\/a><\/h2>\n\n<div class=\"wp-block-post-excerpt\"><p class=\"wp-block-post-excerpt__excerpt\">Oldd meg a k\u00f6vetkez\u0151 feladatokat \u00e9s a v\u00e1laszaidat Instagram story-ra v\u00e1laszolva, NAGY bet\u0171vel \u00e9s sz\u00f3k\u00f6z n\u00e9lk\u00fcl k\u00fcldd el nek\u00fcnk.\u00a0 1. Mit jelent a prompt (informatika) kifejez\u00e9s? A)\u00a0Egy sz\u00f6veg, amelyet egy g\u00e9pi tanul\u00e1s vagy mesters\u00e9ges intelligencia modellnek adnak meg, hogy v\u00e1laszt<\/p><p class=\"wp-block-post-excerpt__more-text\"><a class=\"wp-block-post-excerpt__more-link\" href=\"https:\/\/frankablog.ferencesek.hu\/?p=695\">B\u0151vebben<\/a><\/p><\/div>\n\n\n<div class=\"wp-block-group\"><div class=\"wp-block-group__inner-container is-layout-constrained wp-block-group-is-layout-constrained\"><\/div><\/div>\n\n\n<div class=\"wp-block-post-date\"><time datetime=\"2024-04-08T16:28:09+02:00\">2024.04.08.<\/time><\/div><\/div><\/div>\n\n\n\n<div class=\"wp-block-columns is-layout-flex wp-container-core-columns-is-layout-9d6595d7 wp-block-columns-is-layout-flex\">\n<div class=\"wp-block-column is-layout-flow wp-block-column-is-layout-flow\" style=\"flex-basis:100%\"><\/div>\n<\/div>\n\n<\/li><li class=\"wp-block-post post-666 post type-post status-publish format-standard has-post-thumbnail hentry category-hitelet tag-26 tag-bojt tag-felido\">\n\n<div class=\"wp-block-group\" style=\"padding-top:30px;padding-right:30px;padding-bottom:30px;padding-left:30px\"><div class=\"wp-block-group__inner-container is-layout-flow wp-block-group-is-layout-flow\"><h2 class=\"wp-block-post-title\"><a href=\"https:\/\/frankablog.ferencesek.hu\/?p=666\" target=\"_self\" >Nagyb\u00f6jt<\/a><\/h2>\n\n<div class=\"wp-block-post-excerpt\"><p class=\"wp-block-post-excerpt__excerpt\">A nagyb\u00f6jti id\u0151szak fel\u00e9be \u00e9rt\u00fcnk Egy kattint\u00e1s ide a folytat\u00e1shoz&#8230;. &rarr;<\/p><p class=\"wp-block-post-excerpt__more-text\"><a class=\"wp-block-post-excerpt__more-link\" href=\"https:\/\/frankablog.ferencesek.hu\/?p=666\">B\u0151vebben<\/a><\/p><\/div>\n\n\n<div class=\"wp-block-group\"><div class=\"wp-block-group__inner-container is-layout-constrained wp-block-group-is-layout-constrained\"><\/div><\/div>\n\n\n<div class=\"wp-block-post-date\"><time datetime=\"2024-03-04T21:00:44+02:00\">2024.03.04.<\/time><\/div><\/div><\/div>\n\n\n\n<div class=\"wp-block-columns is-layout-flex wp-container-core-columns-is-layout-9d6595d7 wp-block-columns-is-layout-flex\">\n<div class=\"wp-block-column is-layout-flow wp-block-column-is-layout-flow\" style=\"flex-basis:100%\"><\/div>\n<\/div>\n\n<\/li><li class=\"wp-block-post post-650 post type-post status-publish format-standard hentry category-hitelet category-hivatalos tag-beke tag-ima\">\n\n<div class=\"wp-block-group\" style=\"padding-top:30px;padding-right:30px;padding-bottom:30px;padding-left:30px\"><div class=\"wp-block-group__inner-container is-layout-flow wp-block-group-is-layout-flow\"><h2 class=\"wp-block-post-title\"><a href=\"https:\/\/frankablog.ferencesek.hu\/?p=650\" target=\"_self\" >Imaest a b\u00e9k\u00e9\u00e9rt a Szent Istv\u00e1n bazilik\u00e1ban<\/a><\/h2>\n\n<div class=\"wp-block-post-excerpt\"><p class=\"wp-block-post-excerpt__excerpt\">\u00a02024. febru\u00e1r 24-\u00e9n (szombaton) az orosz-ukr\u00e1n h\u00e1bor\u00fa kit\u00f6r\u00e9s\u00e9nek m\u00e1sodik \u00e9vfordul\u00f3j\u00e1n a magyarorsz\u00e1gi szerzetesrendek egy\u00fctt im\u00e1dkoztak a b\u00e9k\u00e9\u00e9rt. Ennek az alkalomnak a r\u00e9sze volt egy szentmise, amit Mohos G\u00e1bor esztergom-budapesti seg\u00e9dp\u00fcsp\u00f6k celebr\u00e1lt, a frank\u00e1s di\u00e1kok pedig ministr\u00e1ltak, ill. adt\u00e1k a k\u00f3rust.<\/p><p class=\"wp-block-post-excerpt__more-text\"><a class=\"wp-block-post-excerpt__more-link\" href=\"https:\/\/frankablog.ferencesek.hu\/?p=650\">B\u0151vebben<\/a><\/p><\/div>\n\n\n<div class=\"wp-block-group\"><div class=\"wp-block-group__inner-container is-layout-constrained wp-block-group-is-layout-constrained\"><\/div><\/div>\n\n\n<div class=\"wp-block-post-date\"><time datetime=\"2024-02-26T17:39:24+02:00\">2024.02.26.<\/time><\/div><\/div><\/div>\n\n\n\n<div class=\"wp-block-columns is-layout-flex wp-container-core-columns-is-layout-9d6595d7 wp-block-columns-is-layout-flex\">\n<div class=\"wp-block-column is-layout-flow wp-block-column-is-layout-flow\" style=\"flex-basis:100%\"><\/div>\n<\/div>\n\n<\/li><li class=\"wp-block-post post-568 post type-post status-publish format-standard hentry category-hivatalos tag-farsang tag-franka-farsang tag-jelmez tag-tanc\">\n\n<div class=\"wp-block-group\" style=\"padding-top:30px;padding-right:30px;padding-bottom:30px;padding-left:30px\"><div class=\"wp-block-group__inner-container is-layout-flow wp-block-group-is-layout-flow\"><h2 class=\"wp-block-post-title\"><a href=\"https:\/\/frankablog.ferencesek.hu\/?p=568\" target=\"_self\" >Franka Farsang<\/a><\/h2>\n\n<div class=\"wp-block-post-excerpt\"><p class=\"wp-block-post-excerpt__excerpt\">Szentek, mint h\u0151s\u00f6k Az idei tan\u00e9vben megrendez\u00e9sre ker\u00fclt iskol\u00e1nkban egy olyan farsangi esem\u00e9ny, melynek t\u00e9m\u00e1ja: ,,Szentek, mint h\u0151s\u00f6k\u201d. Ennek id\u0151pontja 2024.02.10 -e volt. (A k\u00e9pen a farsangi rendezv\u00e9ny plak\u00e1tja l\u00e1that\u00f3.) A jelmezek t\u00fckr\u00f6zt\u00e9k di\u00e1kjaink igencsak kreat\u00edv fant\u00e1zi\u00e1j\u00e1t, tal\u00e1lkozhattunk p\u00e9ld\u00e1ul Szent<\/p><p class=\"wp-block-post-excerpt__more-text\"><a class=\"wp-block-post-excerpt__more-link\" href=\"https:\/\/frankablog.ferencesek.hu\/?p=568\">B\u0151vebben<\/a><\/p><\/div>\n\n\n<div class=\"wp-block-group\"><div class=\"wp-block-group__inner-container is-layout-constrained wp-block-group-is-layout-constrained\"><\/div><\/div>\n\n\n<div class=\"wp-block-post-date\"><time datetime=\"2024-02-15T21:00:35+02:00\">2024.02.15.<\/time><\/div><\/div><\/div>\n\n\n\n<div class=\"wp-block-columns is-layout-flex wp-container-core-columns-is-layout-9d6595d7 wp-block-columns-is-layout-flex\">\n<div class=\"wp-block-column is-layout-flow wp-block-column-is-layout-flow\" style=\"flex-basis:100%\"><\/div>\n<\/div>\n\n<\/li><li class=\"wp-block-post post-481 post type-post status-publish format-standard hentry category-hivatalos tag-26 tag-szalagavato\">\n\n<div class=\"wp-block-group\" style=\"padding-top:30px;padding-right:30px;padding-bottom:30px;padding-left:30px\"><div class=\"wp-block-group__inner-container is-layout-flow wp-block-group-is-layout-flow\"><h2 class=\"wp-block-post-title\"><a href=\"https:\/\/frankablog.ferencesek.hu\/?p=481\" target=\"_self\" >Szalagavat\u00f3<\/a><\/h2>\n\n<div class=\"wp-block-post-excerpt\"><p class=\"wp-block-post-excerpt__excerpt\">Az idei szalagavat\u00f3 2024. janu\u00e1r 20-\u00e1n ker\u00fclt megrendez\u00e9sre. Az esem\u00e9ny egy Szentmis\u00e9vel kezd\u0151d\u00f6tt, melyet Varga Kapisztr\u00e1n atya celebr\u00e1lt.\u00a0 Ezut\u00e1n az \u00fcnneps\u00e9g int\u00e9zm\u00e9ny\u00fcnk\u00a0 iskola\u00e9p\u00fcletben folytat\u00f3dott, ahol elhangzott egy szavalat (Kaszper Sebesty\u00e9n 12\/A), ut\u00e1na pedig az \u00e9vfolyam m\u0171sorai ker\u00fcltek bemutat\u00e1sra, mely mag\u00e1ban<\/p><p class=\"wp-block-post-excerpt__more-text\"><a class=\"wp-block-post-excerpt__more-link\" href=\"https:\/\/frankablog.ferencesek.hu\/?p=481\">B\u0151vebben<\/a><\/p><\/div>\n\n\n<div class=\"wp-block-group\"><div class=\"wp-block-group__inner-container is-layout-constrained wp-block-group-is-layout-constrained\"><\/div><\/div>\n\n\n<div class=\"wp-block-post-date\"><time datetime=\"2024-02-02T21:55:06+02:00\">2024.02.02.<\/time><\/div><\/div><\/div>\n\n\n\n<div class=\"wp-block-columns is-layout-flex wp-container-core-columns-is-layout-9d6595d7 wp-block-columns-is-layout-flex\">\n<div class=\"wp-block-column is-layout-flow wp-block-column-is-layout-flow\" style=\"flex-basis:100%\"><\/div>\n<\/div>\n\n<\/li><\/ul><\/div>\n\n\n<p><!-- Matomo Image Tracker--><br \/>\n<img decoding=\"async\" referrerpolicy=\"no-referrer-when-downgrade\" src=\"https:\/\/frankablogferencesekhu.matomo.cloud\/matomo.php?idsite=1&#038;rec=1\" style=\"border:0\" alt=\"\" \/ ><br \/>\n<!-- V\u00e9ge Matom\u00f3nak --><\/p>\n","protected":false},"excerpt":{"rendered":"","protected":false},"author":5,"featured_media":0,"parent":0,"menu_order":0,"comment_status":"closed","ping_status":"open","template":"","meta":{"footnotes":""},"class_list":["post-2","page","type-page","status-publish","hentry"],"_links":{"self":[{"href":"https:\/\/frankablog.ferencesek.hu\/index.php?rest_route=\/wp\/v2\/pages\/2","targetHints":{"allow":["GET"]}}],"collection":[{"href":"https:\/\/frankablog.ferencesek.hu\/index.php?rest_route=\/wp\/v2\/pages"}],"about":[{"href":"https:\/\/frankablog.ferencesek.hu\/index.php?rest_route=\/wp\/v2\/types\/page"}],"author":[{"embeddable":true,"href":"https:\/\/frankablog.ferencesek.hu\/index.php?rest_route=\/wp\/v2\/users\/5"}],"replies":[{"embeddable":true,"href":"https:\/\/frankablog.ferencesek.hu\/index.php?rest_route=%2Fwp%2Fv2%2Fcomments&post=2"}],"version-history":[{"count":5,"href":"https:\/\/frankablog.ferencesek.hu\/index.php?rest_route=\/wp\/v2\/pages\/2\/revisions"}],"predecessor-version":[{"id":356,"href":"https:\/\/frankablog.ferencesek.hu\/index.php?rest_route=\/wp\/v2\/pages\/2\/revisions\/356"}],"wp:attachment":[{"href":"https:\/\/frankablog.ferencesek.hu\/index.php?rest_route=%2Fwp%2Fv2%2Fmedia&parent=2"}],"curies":[{"name":"wp","href":"https:\/\/api.w.org\/{rel}","templated":true}]}}